{"id":136,"date":"2017-08-01T17:25:52","date_gmt":"2017-08-01T21:25:52","guid":{"rendered":"http:\/\/www.estacionmix.cl\/?page_id=136"},"modified":"2026-04-09T10:36:15","modified_gmt":"2026-04-09T14:36:15","slug":"contacto","status":"publish","type":"page","link":"https:\/\/www.estacionmix.cl\/index.php\/contacto\/","title":{"rendered":"Contacto"},"content":{"rendered":"<p>Cont\u00e1ctenos, estas son nuestra v\u00edas de comunicaci\u00f3n:<\/p>\n<ul>\n<li>Email: contacto@estacionmix.cl<\/li>\n<li>Whatsapp: +569 <span class=\"x193iq5w xeuugli x13faqbe x1vvkbs x1xmvt09 x1lliihq x1s928wv xhkezso x1gmr53x x1cpjm7i x1fgarty x1943h6x xudqn12 x3x7a5m x6prxxf xvq8zen xk50ysn xzsf02u x1yc453h\" dir=\"auto\">36 76 06 44<\/span><\/li>\n<li>Facebook:\u00a0<a href=\"https:\/\/www.facebook.com\/estacion.dance.1\" target=\"_blank\" rel=\"noopener\">https:\/\/www.facebook.com\/estacion.dance.1<\/a><\/li>\n<\/ul>\n","protected":false},"excerpt":{"rendered":"<p>Cont\u00e1ctenos, estas son nuestra v\u00edas de comunicaci\u00f3n: Email: contacto@estacionmix.cl Whatsapp: +569 36 76 06 44 Facebook:\u00a0https:\/\/www.facebook.com\/estacion.dance.1<\/p>\n","protected":false},"author":2,"featured_media":0,"parent":0,"menu_order":0,"comment_status":"closed","ping_status":"closed","template":"template-fullwidth.php","meta":{"footnotes":""},"class_list":["post-136","page","type-page","status-publish","hentry"],"_links":{"self":[{"href":"https:\/\/www.estacionmix.cl\/index.php\/wp-json\/wp\/v2\/pages\/136","targetHints":{"allow":["GET"]}}],"collection":[{"href":"https:\/\/www.estacionmix.cl\/index.php\/wp-json\/wp\/v2\/pages"}],"about":[{"href":"https:\/\/www.estacionmix.cl\/index.php\/wp-json\/wp\/v2\/types\/page"}],"author":[{"embeddable":true,"href":"https:\/\/www.estacionmix.cl\/index.php\/wp-json\/wp\/v2\/users\/2"}],"replies":[{"embeddable":true,"href":"https:\/\/www.estacionmix.cl\/index.php\/wp-json\/wp\/v2\/comments?post=136"}],"version-history":[{"count":6,"href":"https:\/\/www.estacionmix.cl\/index.php\/wp-json\/wp\/v2\/pages\/136\/revisions"}],"predecessor-version":[{"id":744,"href":"https:\/\/www.estacionmix.cl\/index.php\/wp-json\/wp\/v2\/pages\/136\/revisions\/744"}],"wp:attachment":[{"href":"https:\/\/www.estacionmix.cl\/index.php\/wp-json\/wp\/v2\/media?parent=136"}],"curies":[{"name":"wp","href":"https:\/\/api.w.org\/{rel}","templated":true}]}}