{"id":130,"date":"2017-08-01T17:25:15","date_gmt":"2017-08-01T21:25:15","guid":{"rendered":"http:\/\/www.estacionmix.cl\/?page_id=130"},"modified":"2017-11-08T17:18:25","modified_gmt":"2017-11-08T21:18:25","slug":"musica","status":"publish","type":"page","link":"https:\/\/www.estacionmix.cl\/index.php\/musica\/","title":{"rendered":"Musica"},"content":{"rendered":"<p>En estaci\u00f3n Mix abarcamos una gran variedad de estilos musicales, pasando por varias \u00e9pocas.<\/p>\n<p>Pop, Rock, Disco, Funk, Techno, Eurobeat, Hip Hop, Rap, Latino &amp; Kitch&#8217;s<\/p>\n<p>Hacemos especial \u00e9nfasis en la d\u00e9cada de los 80&#8217;s y 90&#8217;s con una cuidada selecci\u00f3n de versiones 12 pulgadas y extended, al mas puro estilo de las discotecas de la \u00e9poca.<\/p>\n<p>Adem\u00e1s, en nuestra programaci\u00f3n est\u00e1n presentes canciones Top 40, lo mas reciente de la escena musical Mundial.<\/p>\n<p>&nbsp;<\/p>\n","protected":false},"excerpt":{"rendered":"<p>En estaci\u00f3n Mix abarcamos una gran variedad de estilos musicales, pasando por varias \u00e9pocas. Pop, Rock, Disco, Funk, Techno, Eurobeat, Hip Hop, Rap, Latino &amp; Kitch&#8217;s Hacemos especial \u00e9nfasis en la d\u00e9cada de los 80&#8217;s y 90&#8217;s con una cuidada selecci\u00f3n de versiones 12 pulgadas y extended, al mas puro estilo de las discotecas de [&hellip;]<\/p>\n","protected":false},"author":2,"featured_media":0,"parent":0,"menu_order":0,"comment_status":"closed","ping_status":"closed","template":"","meta":{"footnotes":""},"class_list":["post-130","page","type-page","status-publish","hentry"],"_links":{"self":[{"href":"https:\/\/www.estacionmix.cl\/index.php\/wp-json\/wp\/v2\/pages\/130","targetHints":{"allow":["GET"]}}],"collection":[{"href":"https:\/\/www.estacionmix.cl\/index.php\/wp-json\/wp\/v2\/pages"}],"about":[{"href":"https:\/\/www.estacionmix.cl\/index.php\/wp-json\/wp\/v2\/types\/page"}],"author":[{"embeddable":true,"href":"https:\/\/www.estacionmix.cl\/index.php\/wp-json\/wp\/v2\/users\/2"}],"replies":[{"embeddable":true,"href":"https:\/\/www.estacionmix.cl\/index.php\/wp-json\/wp\/v2\/comments?post=130"}],"version-history":[{"count":7,"href":"https:\/\/www.estacionmix.cl\/index.php\/wp-json\/wp\/v2\/pages\/130\/revisions"}],"predecessor-version":[{"id":233,"href":"https:\/\/www.estacionmix.cl\/index.php\/wp-json\/wp\/v2\/pages\/130\/revisions\/233"}],"wp:attachment":[{"href":"https:\/\/www.estacionmix.cl\/index.php\/wp-json\/wp\/v2\/media?parent=130"}],"curies":[{"name":"wp","href":"https:\/\/api.w.org\/{rel}","templated":true}]}}